{"id":12,"date":"2015-02-20T20:12:25","date_gmt":"2015-02-20T20:12:25","guid":{"rendered":"http:\/\/avada.theme-fusion.com_demos\/law\/?page_id=12"},"modified":"2017-06-07T01:31:40","modified_gmt":"2017-06-06T23:31:40","slug":"propos","status":"publish","type":"page","link":"http:\/\/modaxinet.be\/wordpress\/propos\/","title":{"rendered":"\u00c0 propos"},"content":{"rendered":"<p><div  class=\"fusion-fullwidth fullwidth-box nonhundred-percent-fullwidth\"  style='background-color: rgba(255,255,255,0);background-position: left top;background-repeat: no-repeat;padding-top:110px;padding-right:0px;padding-bottom:90px;padding-left:0px;margin-bottom: 50px;border-top-width:0px;border-bottom-width:0px;border-color:#eae9e9;border-top-style:solid;border-bottom-style:solid;'><div class=\"fusion-builder-row fusion-row \"><div  class=\"fusion-layout-column fusion_builder_column fusion_builder_column_1_1  fusion-one-full fusion-column-first fusion-column-last fusion-column-no-min-height 1_1\"  style='margin-top:0px;margin-bottom:0px;'>\n\t\t\t<div class=\"fusion-column-wrapper\" style=\"background-position:left top;background-repeat:no-repeat;-webkit-background-size:cover;-moz-background-size:cover;-o-background-size:cover;background-size:cover;\"  data-bg-url=\"\">\n\t\t\t\t<div class=\"fusion-sep-clear\"><\/div><div class=\"fusion-separator fusion-full-width-sep sep-single sep-solid\" style=\"border-color:#515151;border-top-width:5px;margin-left: auto;margin-right: auto;margin-top:;\"><\/div><div class=\"fusion-clearfix\"><\/div>\n\n\t\t\t<\/div>\n\t\t<\/div><div  class=\"fusion-layout-column fusion_builder_column fusion_builder_column_1_1  fusion-one-full fusion-column-first fusion-column-last green-border rounded-border 1_1\"  style='margin-top:0px;margin-bottom:0px;'>\n\t\t\t<div class=\"fusion-column-wrapper\" style=\"background-color:rgba(255,255,255,0.8);border:1px solid #e2e2e2;padding: 60px 60px 50px 60px;background-position:left top;background-repeat:no-repeat;-webkit-background-size:cover;-moz-background-size:cover;-o-background-size:cover;background-size:cover;\"  data-bg-url=\"\">\n\t\t\t\t<p style=\"text-align: left;\"><span style=\"color: #000000;\"><img decoding=\"async\" loading=\"lazy\" class=\"alignleft wp-image-457 size-full\" style=\"margin-right: 60px;\" src=\"http:\/\/modaxinet.be\/wordpress\/wp-content\/uploads\/2015\/02\/shaking-hands.png\" alt=\"\" width=\"299\" height=\"223\" \/><\/span><\/p>\n<h3 style=\"text-align: left; margin-top: -20px;\"><span style=\"color: #000000;\"> Jeune, dynamique et ambitieuse<\/span><\/h3>\n<p style=\"text-align: left;\"><span style=\"color: #000000;\">Modaxinet est une jeune entreprise multi-services cr\u00e9\u00e9e par plusieurs associ\u00e9s, qui chacun en amenant son exp\u00e9rience et sa comp\u00e9tence en font un partenaire s\u00fbr et bien au-dessus de la moyenne propos\u00e9e aujourd&rsquo;hui par une multitude d&rsquo;entreprises.<\/span><\/p>\n<p style=\"text-align: left;\"><span style=\"color: #000000;\">Combien de soci\u00e9t\u00e9s ont eu de mauvaises exp\u00e9riences avec leurs prestataires de services? Modaxinet a su sortir son \u00e9pingle du jeu gr\u00e2ce \u00e0 sa jeune et \u00e9norme motivation, \u00e0 son contact direct et sa r\u00e9activit\u00e9 extr\u00eamement rapide pour honorer chaque prestation, car chez nous le client est avant tout un partenaire et non pas uniquement un contrat que l&rsquo;on range au fond du tiroir une fois sign\u00e9.<\/span><\/p>\n<p style=\"text-align: left;\"><span style=\"color: #000000;\">En quelques mois Modaxinet a su se faire un nom et une place gr\u00e2ce, entre autres, \u00e0 sa disponibilit\u00e9, \u00e0 la qualit\u00e9 de ses prestations, le besoin de satisfaire enti\u00e8rement le client et surtout un prix comp\u00e9titif et sans mauvaise surprise.<a href=\"http:\/\/modaxinet.be\/wordpress\/propos\/our_service_modaxinet\/\" rel=\"attachment wp-att-1775\"><img decoding=\"async\" loading=\"lazy\" class=\" wp-image-1775 alignright\" src=\"http:\/\/modaxinet.be\/wordpress\/wp-content\/uploads\/2015\/02\/our_service_modaxinet-e1488632923387.png\" alt=\"\" width=\"350\" height=\"122\" srcset=\"http:\/\/modaxinet.be\/wordpress\/wp-content\/uploads\/2015\/02\/our_service_modaxinet-e1488632923387-200x70.png 200w, http:\/\/modaxinet.be\/wordpress\/wp-content\/uploads\/2015\/02\/our_service_modaxinet-e1488632923387.png 287w\" sizes=\"(max-width: 350px) 100vw, 350px\" \/><\/a><\/span><\/p>\n<p style=\"text-align: left;\"><span style=\"color: #000000;\">La fid\u00e9lisation de notre client\u00e8le grandissante nous motive \u00e0 aller de l&rsquo;avant pour devenir un acteur incontournable sur le march\u00e9.<\/span><\/p>\n<p style=\"text-align: left;\"><span style=\"color: #000000;\">D\u00e9couvrez nos services, chacun compl\u00e9mentaire, afin de devenir le partenaire qu&rsquo;il vous faut.<\/span><\/p>\n<p style=\"text-align: left;\"><span style=\"color: #000000;\"><strong>Choisir Modaxinet c&rsquo;est choisir la tranquillit\u00e9, alors contactez-nous sans h\u00e9siter<\/strong>.<br \/>\n<\/span><\/p>\n<div class=\"fusion-sep-clear\"><\/div><div class=\"fusion-separator fusion-full-width-sep sep-none\" style=\"margin-left: auto;margin-right: auto;margin-top:20px;\"><\/div><div class=\"fusion-button-wrapper fusion-alignleft\"><style type=\"text\/css\" scoped=\"scoped\">.fusion-button.button-1 .fusion-button-text, .fusion-button.button-1 i {color:#000000;}.fusion-button.button-1 {border-width:0px;border-color:#000000;}.fusion-button.button-1 .fusion-button-icon-divider{border-color:#000000;}.fusion-button.button-1:hover .fusion-button-text, .fusion-button.button-1:hover i,.fusion-button.button-1:focus .fusion-button-text, .fusion-button.button-1:focus i,.fusion-button.button-1:active .fusion-button-text, .fusion-button.button-1:active{color:#ffffff;}.fusion-button.button-1:hover, .fusion-button.button-1:focus, .fusion-button.button-1:active{border-width:0px;border-color:#ffffff;}.fusion-button.button-1:hover .fusion-button-icon-divider, .fusion-button.button-1:hover .fusion-button-icon-divider, .fusion-button.button-1:active .fusion-button-icon-divider{border-color:#ffffff;}.fusion-button.button-1{background: #0151ad;}.fusion-button.button-1:hover,.button-1:focus,.fusion-button.button-1:active{background: #607d8b;}.fusion-button.button-1{width:auto;}<\/style><a class=\"fusion-button button-flat button-square button-large button-custom button-1\" target=\"_self\" href=\"http:\/\/modaxinet.be\/wordpress\/contact\/\"><i class=\"fa fa-hand-o-right button-icon-left\"><\/i><span class=\"fusion-button-text\">Contact<\/span><\/a><\/div><div class=\"fusion-clearfix\"><\/div>\n\n\t\t\t<\/div>\n\t\t<\/div><\/div><\/div><div  class=\"fusion-fullwidth fullwidth-box hundred-percent-fullwidth\"  style='background-color: rgba(255,255,255,0.8);background-position: center center;background-repeat: no-repeat;padding-top:10px;padding-right:0px;padding-bottom:10px;padding-left:0px;margin-bottom: 15px;'><div class=\"fusion-builder-row fusion-row \"><div  data-animationType=slideInRight data-animationDuration=0.7 data-animationOffset=100% class=\"fusion-layout-column fusion_builder_column fusion_builder_column_1_1  fusion-one-full fusion-column-first fusion-column-last fusion-animated 1_1\"  style='margin-top:0px;margin-bottom:0px;'>\n\t\t\t<div class=\"fusion-column-wrapper\" style=\"background-color:rgba(246,246,246,0);padding: 20px 0px 0px 130px;background-position:left top;background-repeat:no-repeat;-webkit-background-size:cover;-moz-background-size:cover;-o-background-size:cover;background-size:cover;\"  data-bg-url=\"\">\n\t\t\t\t<h2 style=\"text-align: left;\"><span style=\"color: #333333;\">Consultez nos services :<\/span><\/h2>\n<div class=\"fusion-clearfix\"><\/div>\n\n\t\t\t<\/div>\n\t\t<\/div><\/div><\/div><div  class=\"fusion-fullwidth fullwidth-box nonhundred-percent-fullwidth\"  style='background-color: rgba(255,255,255,0);background-position: center center;background-repeat: no-repeat;padding-top:20px;padding-right:0px;padding-bottom:20px;padding-left:0px;margin-top: 30px;'><div class=\"fusion-builder-row fusion-row \"><div  class=\"fusion-layout-column fusion_builder_column fusion_builder_column_1_1  fusion-one-full fusion-column-first fusion-column-last 1_1\"  style='margin-top:0px;margin-bottom:0px;'>\n\t\t\t<div class=\"fusion-column-wrapper\" style=\"background-position:left top;background-repeat:no-repeat;-webkit-background-size:cover;-moz-background-size:cover;-o-background-size:cover;background-size:cover;\"  data-bg-url=\"\">\n\t\t\t\t<div class=\"fusion-clearfix\"><\/div>\n\n\t\t\t<\/div>\n\t\t<\/div><div  data-animationType=bounce data-animationDuration=0.1 data-animationOffset=100% class=\"fusion-layout-column fusion_builder_column fusion_builder_column_1_3  fusion-one-third fusion-column-first fusion-animated 1_3\"  style='margin-top:0px;margin-bottom:0px;'>\n\t\t\t<div class=\"fusion-column-wrapper\" style=\"background-color:rgba(153,153,153,0.8);border:1px solid #e2e2e2;padding: 35px 35px 35px 35px;background-position:left top;background-repeat:no-repeat;-webkit-background-size:cover;-moz-background-size:cover;-o-background-size:cover;background-size:cover;\"  data-bg-url=\"\">\n\t\t\t\t<div class=\"fusion-column-content-centered\"><div class=\"fusion-column-content\"><h2 style=\"text-align: center;\"><span style=\"color: #000000; font-family: arial black;\"><b>CLEANING<\/b><\/span><\/h2>\n<div class=\"fusion-sep-clear\"><\/div><div class=\"fusion-separator fusion-full-width-sep sep-none\" style=\"margin-left: auto;margin-right: auto;margin-top:10px;\"><\/div><p style=\"text-align: center;\"><span lang=\"fr\">Offrez \u00e0 vos employ\u00e9s, vos clients ou \u00e0 vous-m\u00eame un environnement propre et sain gr\u00e2ce \u00e0 une gamme \u00e9tendue de services cleaning de Modaxinet 24h sur 24 et 7j sur 7<\/span><\/p>\n<div class=\"fusion-sep-clear\"><\/div><div class=\"fusion-separator fusion-full-width-sep sep-none\" style=\"margin-left: auto;margin-right: auto;margin-top:10px;\"><\/div><div class=\"fusion-button-wrappercenter\"><style type=\"text\/css\" scoped=\"scoped\">.fusion-button.button-2 .fusion-button-text, .fusion-button.button-2 i {color:#000000;}.fusion-button.button-2 {border-width:1px;border-color:#000000;}.fusion-button.button-2 .fusion-button-icon-divider{border-color:#000000;}.fusion-button.button-2:hover .fusion-button-text, .fusion-button.button-2:hover i,.fusion-button.button-2:focus .fusion-button-text, .fusion-button.button-2:focus i,.fusion-button.button-2:active .fusion-button-text, .fusion-button.button-2:active{color:#ffffff;}.fusion-button.button-2:hover, .fusion-button.button-2:focus, .fusion-button.button-2:active{border-width:1px;border-color:#ffffff;}.fusion-button.button-2:hover .fusion-button-icon-divider, .fusion-button.button-2:hover .fusion-button-icon-divider, .fusion-button.button-2:active .fusion-button-icon-divider{border-color:#ffffff;}.fusion-button.button-2{background: #ffffff;\n\t\t\t\t\tbackground-image: -webkit-gradient( linear, left bottom, left top, from( #565656 ), to( #ffffff ) );\n\t\t\t\t\tbackground-image: -webkit-linear-gradient( bottom, #565656, #ffffff );\n\t\t\t\t\tbackground-image:   -moz-linear-gradient( bottom, #565656, #ffffff );\n\t\t\t\t\tbackground-image:     -o-linear-gradient( bottom, #565656, #ffffff );\n\t\t\t\t\tbackground-image: linear-gradient( to top, #565656, #ffffff );}.fusion-button.button-2:hover,.button-2:focus,.fusion-button.button-2:active{background: #d8d8d8;\n\t\t\t\t\tbackground-image: -webkit-gradient( linear, left bottom, left top, from( #3d3d3d ), to( #d8d8d8 ) );\n\t\t\t\t\tbackground-image: -webkit-linear-gradient( bottom, #3d3d3d, #d8d8d8 );\n\t\t\t\t\tbackground-image:   -moz-linear-gradient( bottom, #3d3d3d, #d8d8d8 );\n\t\t\t\t\tbackground-image:     -o-linear-gradient( bottom, #3d3d3d, #d8d8d8 );\n\t\t\t\t\tbackground-image: linear-gradient( to top, #3d3d3d, #d8d8d8 );}.fusion-button.button-2{width:100%;}<\/style><a class=\"fusion-button button-flat button-square button-large button-custom button-2\" target=\"_self\" href=\"http:\/\/modaxinet.be\/wordpress\/cleaning\/\"><span class=\"fusion-button-icon-divider button-icon-divider-left\"><i class=\"fa fa-hand-o-right\"><\/i><\/span><span class=\"fusion-button-text fusion-button-text-left\">plus d&rsquo;infos<\/span><\/a><\/div><div class=\"fusion-sep-clear\"><\/div><div class=\"fusion-separator fusion-full-width-sep sep-none\" style=\"margin-left: auto;margin-right: auto;margin-top:20px;\"><\/div><div class=\"imageframe-align-center\"><span class=\"fusion-imageframe imageframe-none imageframe-1 hover-type-zoomout fusion-animated\" data-animationType=\"rubberBand\" data-animationDuration=\"1.0\" data-animationOffset=\"bottom-in-view\"><img decoding=\"async\" loading=\"lazy\" src=\"http:\/\/modaxinet.be\/wordpress\/wp-content\/uploads\/2015\/02\/cleaning300-300x170.png\" width=\"300\" height=\"170\" alt=\"\" title=\"cleaning300\" class=\"img-responsive wp-image-1094\" srcset=\"http:\/\/modaxinet.be\/wordpress\/wp-content\/uploads\/2015\/02\/cleaning300-200x113.png 200w, http:\/\/modaxinet.be\/wordpress\/wp-content\/uploads\/2015\/02\/cleaning300.png 300w\" sizes=\"(max-width: 850px) 100vw, 1170px\" \/><\/span><\/div><\/div><\/div><div class=\"fusion-clearfix\"><\/div>\n\n\t\t\t<\/div>\n\t\t<\/div><div  data-animationType=bounce data-animationDuration=0.1 data-animationOffset=100% class=\"fusion-layout-column fusion_builder_column fusion_builder_column_1_3  fusion-one-third fusion-animated 1_3\"  style='margin-top:0px;margin-bottom:0px;'>\n\t\t\t<div class=\"fusion-column-wrapper\" style=\"background-color:rgba(153,153,153,0.8);border:1px solid #e2e2e2;padding: 35px 35px 35px 35px;background-position:left top;background-repeat:no-repeat;-webkit-background-size:cover;-moz-background-size:cover;-o-background-size:cover;background-size:cover;\"  data-bg-url=\"\">\n\t\t\t\t<div class=\"fusion-column-content-centered\"><div class=\"fusion-column-content\"><h2 style=\"text-align: center;\"><span style=\"color: #000000; font-family: arial black;\"><b>HANDYMAN<\/b><\/span><\/h2>\n<div class=\"fusion-sep-clear\"><\/div><div class=\"fusion-separator fusion-full-width-sep sep-none\" style=\"margin-left: auto;margin-right: auto;margin-top:10px;\"><\/div><p style=\"text-align: center;\"><span style=\"color: #ffffff;\">Le service Handyman de Modaxinet vous propose une solution \u00e0 vos travaux ou activit\u00e9s par le renfort d\u2019une \u00e9quipe aux multiples capacit\u00e9s manuelles<\/span><\/p>\n<div class=\"fusion-sep-clear\"><\/div><div class=\"fusion-separator fusion-full-width-sep sep-none\" style=\"margin-left: auto;margin-right: auto;margin-top:10px;\"><\/div><div class=\"fusion-button-wrappercenter\"><style type=\"text\/css\" scoped=\"scoped\">.fusion-button.button-3 .fusion-button-text, .fusion-button.button-3 i {color:#000000;}.fusion-button.button-3 {border-width:1px;border-color:#000000;}.fusion-button.button-3 .fusion-button-icon-divider{border-color:#000000;}.fusion-button.button-3:hover .fusion-button-text, .fusion-button.button-3:hover i,.fusion-button.button-3:focus .fusion-button-text, .fusion-button.button-3:focus i,.fusion-button.button-3:active .fusion-button-text, .fusion-button.button-3:active{color:#ffffff;}.fusion-button.button-3:hover, .fusion-button.button-3:focus, .fusion-button.button-3:active{border-width:1px;border-color:#ffffff;}.fusion-button.button-3:hover .fusion-button-icon-divider, .fusion-button.button-3:hover .fusion-button-icon-divider, .fusion-button.button-3:active .fusion-button-icon-divider{border-color:#ffffff;}.fusion-button.button-3{background: #ffffff;\n\t\t\t\t\tbackground-image: -webkit-gradient( linear, left bottom, left top, from( #565656 ), to( #ffffff ) );\n\t\t\t\t\tbackground-image: -webkit-linear-gradient( bottom, #565656, #ffffff );\n\t\t\t\t\tbackground-image:   -moz-linear-gradient( bottom, #565656, #ffffff );\n\t\t\t\t\tbackground-image:     -o-linear-gradient( bottom, #565656, #ffffff );\n\t\t\t\t\tbackground-image: linear-gradient( to top, #565656, #ffffff );}.fusion-button.button-3:hover,.button-3:focus,.fusion-button.button-3:active{background: #d8d8d8;\n\t\t\t\t\tbackground-image: -webkit-gradient( linear, left bottom, left top, from( #3d3d3d ), to( #d8d8d8 ) );\n\t\t\t\t\tbackground-image: -webkit-linear-gradient( bottom, #3d3d3d, #d8d8d8 );\n\t\t\t\t\tbackground-image:   -moz-linear-gradient( bottom, #3d3d3d, #d8d8d8 );\n\t\t\t\t\tbackground-image:     -o-linear-gradient( bottom, #3d3d3d, #d8d8d8 );\n\t\t\t\t\tbackground-image: linear-gradient( to top, #3d3d3d, #d8d8d8 );}.fusion-button.button-3{width:100%;}<\/style><a class=\"fusion-button button-flat button-square button-large button-custom button-3\" target=\"_self\" href=\"http:\/\/modaxinet.be\/wordpress\/handyman\/\"><span class=\"fusion-button-icon-divider button-icon-divider-left\"><i class=\"fa fa-hand-o-right\"><\/i><\/span><span class=\"fusion-button-text fusion-button-text-left\">plus d&rsquo;infos<\/span><\/a><\/div><div class=\"fusion-sep-clear\"><\/div><div class=\"fusion-separator fusion-full-width-sep sep-none\" style=\"margin-left: auto;margin-right: auto;margin-top:20px;\"><\/div><div class=\"imageframe-align-center\"><span class=\"fusion-imageframe imageframe-none imageframe-2 hover-type-zoomout fusion-animated\" data-animationType=\"rubberBand\" data-animationDuration=\"1.0\" data-animationOffset=\"bottom-in-view\"><img decoding=\"async\" loading=\"lazy\" src=\"http:\/\/modaxinet.be\/wordpress\/wp-content\/uploads\/2015\/02\/handyman300.png\" width=\"300\" height=\"170\" alt=\"\" title=\"handyman300\" class=\"img-responsive wp-image-1093\" srcset=\"http:\/\/modaxinet.be\/wordpress\/wp-content\/uploads\/2015\/02\/handyman300-200x113.png 200w, http:\/\/modaxinet.be\/wordpress\/wp-content\/uploads\/2015\/02\/handyman300.png 300w\" sizes=\"(max-width: 850px) 100vw, 1170px\" \/><\/span><\/div><\/div><\/div><div class=\"fusion-clearfix\"><\/div>\n\n\t\t\t<\/div>\n\t\t<\/div><div  class=\"fusion-layout-column fusion_builder_column fusion_builder_column_1_3  fusion-one-third fusion-column-last green-border 1_3\"  style='margin-top:0px;margin-bottom:0px;'>\n\t\t\t<div class=\"fusion-column-wrapper\" style=\"background-color:rgba(153,153,153,0.8);border:1px solid #e2e2e2;padding: 35px 35px 35px 35px;background-position:left top;background-repeat:no-repeat;-webkit-background-size:cover;-moz-background-size:cover;-o-background-size:cover;background-size:cover;\"  data-bg-url=\"\">\n\t\t\t\t<div class=\"fusion-column-content-centered\"><div class=\"fusion-column-content\"><h2 style=\"text-align: center;\"><span style=\"color: #000000; font-family: arial black;\"><b>LOGISTICS<\/b><\/span><\/h2>\n<div class=\"fusion-sep-clear\"><\/div><div class=\"fusion-separator fusion-full-width-sep sep-none\" style=\"margin-left: auto;margin-right: auto;margin-top:10px;\"><\/div><p style=\"text-align: center;\">Confiez vos pr\u00e9cieux envois \u00e0 une \u00e9quipe de professionnels pour une livraison rapide et en toute s\u00e9curit\u00e9 avec le service logistics de Modaxinet 24h sur 24<\/p>\n<div class=\"fusion-sep-clear\"><\/div><div class=\"fusion-separator fusion-full-width-sep sep-none\" style=\"margin-left: auto;margin-right: auto;margin-top:10px;\"><\/div><div class=\"fusion-button-wrappercenter\"><style type=\"text\/css\" scoped=\"scoped\">.fusion-button.button-4 .fusion-button-text, .fusion-button.button-4 i {color:#000000;}.fusion-button.button-4 {border-width:1px;border-color:#000000;}.fusion-button.button-4 .fusion-button-icon-divider{border-color:#000000;}.fusion-button.button-4:hover .fusion-button-text, .fusion-button.button-4:hover i,.fusion-button.button-4:focus .fusion-button-text, .fusion-button.button-4:focus i,.fusion-button.button-4:active .fusion-button-text, .fusion-button.button-4:active{color:#ffffff;}.fusion-button.button-4:hover, .fusion-button.button-4:focus, .fusion-button.button-4:active{border-width:1px;border-color:#ffffff;}.fusion-button.button-4:hover .fusion-button-icon-divider, .fusion-button.button-4:hover .fusion-button-icon-divider, .fusion-button.button-4:active .fusion-button-icon-divider{border-color:#ffffff;}.fusion-button.button-4{background: #ffffff;\n\t\t\t\t\tbackground-image: -webkit-gradient( linear, left bottom, left top, from( #565656 ), to( #ffffff ) );\n\t\t\t\t\tbackground-image: -webkit-linear-gradient( bottom, #565656, #ffffff );\n\t\t\t\t\tbackground-image:   -moz-linear-gradient( bottom, #565656, #ffffff );\n\t\t\t\t\tbackground-image:     -o-linear-gradient( bottom, #565656, #ffffff );\n\t\t\t\t\tbackground-image: linear-gradient( to top, #565656, #ffffff );}.fusion-button.button-4:hover,.button-4:focus,.fusion-button.button-4:active{background: #d8d8d8;\n\t\t\t\t\tbackground-image: -webkit-gradient( linear, left bottom, left top, from( #3d3d3d ), to( #d8d8d8 ) );\n\t\t\t\t\tbackground-image: -webkit-linear-gradient( bottom, #3d3d3d, #d8d8d8 );\n\t\t\t\t\tbackground-image:   -moz-linear-gradient( bottom, #3d3d3d, #d8d8d8 );\n\t\t\t\t\tbackground-image:     -o-linear-gradient( bottom, #3d3d3d, #d8d8d8 );\n\t\t\t\t\tbackground-image: linear-gradient( to top, #3d3d3d, #d8d8d8 );}.fusion-button.button-4{width:100%;}<\/style><a class=\"fusion-button button-flat button-square button-large button-custom button-4\" target=\"_self\" href=\"http:\/\/modaxinet.be\/wordpress\/services\/logistics\/\"><span class=\"fusion-button-icon-divider button-icon-divider-left\"><i class=\"fa fa-hand-o-right\"><\/i><\/span><span class=\"fusion-button-text fusion-button-text-left\">plus d&rsquo;infos<\/span><\/a><\/div><div class=\"fusion-sep-clear\"><\/div><div class=\"fusion-separator fusion-full-width-sep sep-none\" style=\"margin-left: auto;margin-right: auto;margin-top:20px;\"><\/div><div class=\"imageframe-align-center\"><span class=\"fusion-imageframe imageframe-none imageframe-3 hover-type-zoomout fusion-animated\" data-animationType=\"rubberBand\" data-animationDuration=\"1.0\" data-animationOffset=\"bottom-in-view\"><img decoding=\"async\" loading=\"lazy\" src=\"http:\/\/modaxinet.be\/wordpress\/wp-content\/uploads\/2015\/02\/Logistique300-300x170.png\" width=\"300\" height=\"170\" alt=\"\" title=\"Logistique300\" class=\"img-responsive wp-image-1092\" srcset=\"http:\/\/modaxinet.be\/wordpress\/wp-content\/uploads\/2015\/02\/Logistique300-200x113.png 200w, http:\/\/modaxinet.be\/wordpress\/wp-content\/uploads\/2015\/02\/Logistique300.png 300w\" sizes=\"(max-width: 850px) 100vw, 1170px\" \/><\/span><\/div><\/div><\/div><div class=\"fusion-clearfix\"><\/div>\n\n\t\t\t<\/div>\n\t\t<\/div><\/div><\/div><\/p>\n","protected":false},"excerpt":{"rendered":"","protected":false},"author":1,"featured_media":0,"parent":0,"menu_order":0,"comment_status":"open","ping_status":"open","template":"100-width.php","meta":[],"_links":{"self":[{"href":"http:\/\/modaxinet.be\/wordpress\/wp-json\/wp\/v2\/pages\/12"}],"collection":[{"href":"http:\/\/modaxinet.be\/wordpress\/wp-json\/wp\/v2\/pages"}],"about":[{"href":"http:\/\/modaxinet.be\/wordpress\/wp-json\/wp\/v2\/types\/page"}],"author":[{"embeddable":true,"href":"http:\/\/modaxinet.be\/wordpress\/wp-json\/wp\/v2\/users\/1"}],"replies":[{"embeddable":true,"href":"http:\/\/modaxinet.be\/wordpress\/wp-json\/wp\/v2\/comments?post=12"}],"version-history":[{"count":25,"href":"http:\/\/modaxinet.be\/wordpress\/wp-json\/wp\/v2\/pages\/12\/revisions"}],"predecessor-version":[{"id":1934,"href":"http:\/\/modaxinet.be\/wordpress\/wp-json\/wp\/v2\/pages\/12\/revisions\/1934"}],"wp:attachment":[{"href":"http:\/\/modaxinet.be\/wordpress\/wp-json\/wp\/v2\/media?parent=12"}],"curies":[{"name":"wp","href":"https:\/\/api.w.org\/{rel}","templated":true}]}}