{"id":1303,"date":"2017-02-21T04:13:14","date_gmt":"2017-02-21T03:13:14","guid":{"rendered":"http:\/\/modaxinet.be\/wordpress\/?page_id=1303"},"modified":"2017-06-07T03:02:10","modified_gmt":"2017-06-07T01:02:10","slug":"logistics","status":"publish","type":"page","link":"http:\/\/modaxinet.be\/wordpress\/logistics\/","title":{"rendered":"Logistics"},"content":{"rendered":"<p><div  class=\"fusion-fullwidth fullwidth-box nonhundred-percent-fullwidth\"  style='background-color: rgba(255,255,255,0);background-position: center center;background-repeat: no-repeat;padding-top:20px;padding-right:0px;padding-bottom:20px;padding-left:0px;'><div class=\"fusion-builder-row fusion-row \"><div  class=\"fusion-layout-column fusion_builder_column fusion_builder_column_1_1  fusion-one-full fusion-column-first fusion-column-last 1_1\"  style='margin-top:0px;margin-bottom:0px;'>\n\t\t\t<div class=\"fusion-column-wrapper\" style=\"background-color:rgba(244,244,244,0.7);padding: 15px 15px 15px 15px;background-position:left top;background-repeat:no-repeat;-webkit-background-size:cover;-moz-background-size:cover;-o-background-size:cover;background-size:cover;\"  data-bg-url=\"\">\n\t\t\t\t<p><span style=\"color: #000000;\">Modaxinet Logis<a style=\"color: #000000;\" href=\"http:\/\/modaxinet.be\/wordpress\/logistics\/livreur3\/\" rel=\"attachment wp-att-1305\"><img decoding=\"async\" loading=\"lazy\" class=\"wp-image-1305 alignleft\" src=\"http:\/\/modaxinet.be\/wordpress\/wp-content\/uploads\/2017\/02\/Livreur3.jpg\" alt=\"\" width=\"326\" height=\"217\" srcset=\"http:\/\/modaxinet.be\/wordpress\/wp-content\/uploads\/2017\/02\/Livreur3-200x133.jpg 200w, http:\/\/modaxinet.be\/wordpress\/wp-content\/uploads\/2017\/02\/Livreur3-300x200.jpg 300w, http:\/\/modaxinet.be\/wordpress\/wp-content\/uploads\/2017\/02\/Livreur3-400x266.jpg 400w, http:\/\/modaxinet.be\/wordpress\/wp-content\/uploads\/2017\/02\/Livreur3.jpg 500w\" sizes=\"(max-width: 326px) 100vw, 326px\" \/><\/a>tics vous propose de prendre en charge vos envois ponctuels ou journaliers de mani\u00e8re fiable et efficace partout en Belgique et les pays limitrophes.<\/span><\/p>\n<p><span style=\"color: #000000;\">Pour les livraisons express o\u00f9 moins urgentes vous pouvez nous faire confiance pour la rigueur et le s\u00e9rieux de nos services.<\/span><\/p>\n<p><span style=\"color: #000000;\">Chaque colis est pr\u00e9cieux, c&rsquo;est pour cela que Modaxinet s&rsquo;occupe de le livrer avec la plus grande attention et en toute s\u00e9curit\u00e9 tout en respectant nos engagements envers nos clients et vos clients.<\/span><\/p>\n<p><span style=\"color: #000000;\">Nous avons une politique de prix tr\u00e8s attractif pour rester le plus comp\u00e9titif sur le march\u00e9 toujours en mouvement.<\/span><\/p>\n<p><span style=\"color: #000000;\">Nos livraisons sont assur\u00e9es 24 heures sur 24 et 7 jours sur 7<\/span><\/p>\n<p><span style=\"color: #000000;\">N\u2019h\u00e9sitez pas \u00e0 nous contacter pour un devis ou pour des renseignements<\/span><\/p>\n<div class=\"fusion-button-wrapper fusion-alignleft\"><style type=\"text\/css\" scoped=\"scoped\">.fusion-button.button-1 .fusion-button-text, .fusion-button.button-1 i {color:#ffffff;}.fusion-button.button-1 {border-width:0px;border-color:#ffffff;}.fusion-button.button-1 .fusion-button-icon-divider{border-color:#ffffff;}.fusion-button.button-1:hover .fusion-button-text, .fusion-button.button-1:hover i,.fusion-button.button-1:focus .fusion-button-text, .fusion-button.button-1:focus i,.fusion-button.button-1:active .fusion-button-text, .fusion-button.button-1:active{color:#ffffff;}.fusion-button.button-1:hover, .fusion-button.button-1:focus, .fusion-button.button-1:active{border-width:0px;border-color:#ffffff;}.fusion-button.button-1:hover .fusion-button-icon-divider, .fusion-button.button-1:hover .fusion-button-icon-divider, .fusion-button.button-1:active .fusion-button-icon-divider{border-color:#ffffff;}.fusion-button.button-1{background: #02a4ea;\n\t\t\t\t\tbackground-image: -webkit-gradient( linear, left bottom, left top, from( #014cad ), to( #02a4ea ) );\n\t\t\t\t\tbackground-image: -webkit-linear-gradient( bottom, #014cad, #02a4ea );\n\t\t\t\t\tbackground-image:   -moz-linear-gradient( bottom, #014cad, #02a4ea );\n\t\t\t\t\tbackground-image:     -o-linear-gradient( bottom, #014cad, #02a4ea );\n\t\t\t\t\tbackground-image: linear-gradient( to top, #014cad, #02a4ea );}.fusion-button.button-1:hover,.button-1:focus,.fusion-button.button-1:active{background: #666666;\n\t\t\t\t\tbackground-image: -webkit-gradient( linear, left bottom, left top, from( rgba(163,163,163,0.81) ), to( #666666 ) );\n\t\t\t\t\tbackground-image: -webkit-linear-gradient( bottom, rgba(163,163,163,0.81), #666666 );\n\t\t\t\t\tbackground-image:   -moz-linear-gradient( bottom, rgba(163,163,163,0.81), #666666 );\n\t\t\t\t\tbackground-image:     -o-linear-gradient( bottom, rgba(163,163,163,0.81), #666666 );\n\t\t\t\t\tbackground-image: linear-gradient( to top, rgba(163,163,163,0.81), #666666 );}.fusion-button.button-1{width:auto;}<\/style><a class=\"fusion-button button-flat button-square button-large button-custom button-1\" target=\"_self\" href=\"http:\/\/modaxinet.be\/wordpress\/contact\/\"><i class=\"fa fa-hand-o-right button-icon-left\"><\/i><span class=\"fusion-button-text\">Contactez-nous<\/span><\/a><\/div><div class=\"fusion-clearfix\"><\/div>\n\n\t\t\t<\/div>\n\t\t<\/div><\/div><\/div><div  class=\"fusion-fullwidth fullwidth-box nonhundred-percent-fullwidth\"  style='background-color: rgba(255,255,255,0);background-position: center center;background-repeat: no-repeat;padding-top:20px;padding-right:0px;padding-bottom:20px;padding-left:0px;'><div class=\"fusion-builder-row fusion-row \"><div  class=\"fusion-layout-column fusion_builder_column fusion_builder_column_1_1  fusion-one-full fusion-column-first fusion-column-last 1_1\"  style='margin-top:0px;margin-bottom:0px;'>\n\t\t\t<div class=\"fusion-column-wrapper\" style=\"background-position:left top;background-repeat:no-repeat;-webkit-background-size:cover;-moz-background-size:cover;-o-background-size:cover;background-size:cover;\"  data-bg-url=\"\">\n\t\t\t\t<div class=\"imageframe-align-center\"><span class=\"fusion-imageframe imageframe-none imageframe-1 hover-type-none\"><img decoding=\"async\" loading=\"lazy\" src=\"http:\/\/modaxinet.be\/wordpress\/wp-content\/uploads\/2017\/02\/Livreuredit-e1488285959911.jpg\" width=\"646\" height=\"534\" alt=\"\" title=\"Livreur  modaxinet\" class=\"img-responsive wp-image-1310\" srcset=\"http:\/\/modaxinet.be\/wordpress\/wp-content\/uploads\/2017\/02\/Livreuredit-e1488285959911-200x165.jpg 200w, http:\/\/modaxinet.be\/wordpress\/wp-content\/uploads\/2017\/02\/Livreuredit-e1488285959911-400x331.jpg 400w, http:\/\/modaxinet.be\/wordpress\/wp-content\/uploads\/2017\/02\/Livreuredit-e1488285959911-600x496.jpg 600w, http:\/\/modaxinet.be\/wordpress\/wp-content\/uploads\/2017\/02\/Livreuredit-e1488285959911.jpg 646w\" sizes=\"(max-width: 850px) 100vw, 1170px\" \/><\/span><\/div><div class=\"fusion-clearfix\"><\/div>\n\n\t\t\t<\/div>\n\t\t<\/div><\/div><\/div><div  class=\"fusion-fullwidth fullwidth-box hundred-percent-fullwidth\"  style='background-color: rgba(255,255,255,0.8);background-position: center center;background-repeat: no-repeat;padding-top:10px;padding-right:0px;padding-bottom:10px;padding-left:0px;'><div class=\"fusion-builder-row fusion-row \"><div  data-animationType=slideInRight data-animationDuration=0.7 data-animationOffset=50% class=\"fusion-layout-column fusion_builder_column fusion_builder_column_1_1  fusion-one-full fusion-column-first fusion-column-last fusion-animated 1_1\"  style='margin-top:0px;margin-bottom:0px;'>\n\t\t\t<div class=\"fusion-column-wrapper\" style=\"background-color:rgba(246,246,246,0);padding: 20px 0px 0px 130px;background-position:left top;background-repeat:no-repeat;-webkit-background-size:cover;-moz-background-size:cover;-o-background-size:cover;background-size:cover;\"  data-bg-url=\"\">\n\t\t\t\t<h2 style=\"text-align: left;\"><span style=\"color: #333333;\">Consultez nos autres services :<\/span><\/h2>\n<div class=\"fusion-clearfix\"><\/div>\n\n\t\t\t<\/div>\n\t\t<\/div><\/div><\/div><div  class=\"fusion-fullwidth fullwidth-box nonhundred-percent-fullwidth\"  style='background-color: rgba(255,255,255,0);background-position: center center;background-repeat: no-repeat;padding-top:0px;padding-right:0px;padding-bottom:0px;padding-left:0px;margin-bottom: 10px;margin-top: 25px;'><div class=\"fusion-builder-row fusion-row \"><div  data-animationType=bounce data-animationDuration=0.1 data-animationOffset=100% class=\"fusion-layout-column fusion_builder_column fusion_builder_column_1_3  fusion-one-third fusion-column-first fusion-animated 1_3\"  style='margin-top:0px;margin-bottom:0px;width:30.6666%; margin-right: 4%;'>\n\t\t\t<div class=\"fusion-column-wrapper\" style=\"background-color:rgba(153,153,153,0.8);border:1px solid #e2e2e2;padding: 35px 35px 35px 35px;background-position:left top;background-repeat:no-repeat;-webkit-background-size:cover;-moz-background-size:cover;-o-background-size:cover;background-size:cover;\"  data-bg-url=\"\">\n\t\t\t\t<div class=\"fusion-column-content-centered\"><div class=\"fusion-column-content\"><h2 style=\"text-align: center;\"><span style=\"color: #000000; font-family: arial black;\"><b>CLEANING<\/b><\/span><\/h2>\n<div class=\"fusion-sep-clear\"><\/div><div class=\"fusion-separator fusion-full-width-sep sep-none\" style=\"margin-left: auto;margin-right: auto;margin-top:10px;\"><\/div><p style=\"text-align: center;\"><span lang=\"fr\">Offrez \u00e0 vos employ\u00e9s, vos clients ou \u00e0 vous-m\u00eame un environnement propre et sain gr\u00e2ce \u00e0 une gamme \u00e9tendue de services cleaning de Modaxinet 24h sur 24 et 7j sur 7<\/span><\/p>\n<div class=\"fusion-sep-clear\"><\/div><div class=\"fusion-separator fusion-full-width-sep sep-none\" style=\"margin-left: auto;margin-right: auto;margin-top:10px;\"><\/div><div class=\"fusion-button-wrappercenter\"><style type=\"text\/css\" scoped=\"scoped\">.fusion-button.button-2 .fusion-button-text, .fusion-button.button-2 i {color:#000000;}.fusion-button.button-2 {border-width:1px;border-color:#000000;}.fusion-button.button-2 .fusion-button-icon-divider{border-color:#000000;}.fusion-button.button-2:hover .fusion-button-text, .fusion-button.button-2:hover i,.fusion-button.button-2:focus .fusion-button-text, .fusion-button.button-2:focus i,.fusion-button.button-2:active .fusion-button-text, .fusion-button.button-2:active{color:#ffffff;}.fusion-button.button-2:hover, .fusion-button.button-2:focus, .fusion-button.button-2:active{border-width:1px;border-color:#ffffff;}.fusion-button.button-2:hover .fusion-button-icon-divider, .fusion-button.button-2:hover .fusion-button-icon-divider, .fusion-button.button-2:active .fusion-button-icon-divider{border-color:#ffffff;}.fusion-button.button-2{background: #ffffff;\n\t\t\t\t\tbackground-image: -webkit-gradient( linear, left bottom, left top, from( #565656 ), to( #ffffff ) );\n\t\t\t\t\tbackground-image: -webkit-linear-gradient( bottom, #565656, #ffffff );\n\t\t\t\t\tbackground-image:   -moz-linear-gradient( bottom, #565656, #ffffff );\n\t\t\t\t\tbackground-image:     -o-linear-gradient( bottom, #565656, #ffffff );\n\t\t\t\t\tbackground-image: linear-gradient( to top, #565656, #ffffff );}.fusion-button.button-2:hover,.button-2:focus,.fusion-button.button-2:active{background: #d8d8d8;\n\t\t\t\t\tbackground-image: -webkit-gradient( linear, left bottom, left top, from( #3d3d3d ), to( #d8d8d8 ) );\n\t\t\t\t\tbackground-image: -webkit-linear-gradient( bottom, #3d3d3d, #d8d8d8 );\n\t\t\t\t\tbackground-image:   -moz-linear-gradient( bottom, #3d3d3d, #d8d8d8 );\n\t\t\t\t\tbackground-image:     -o-linear-gradient( bottom, #3d3d3d, #d8d8d8 );\n\t\t\t\t\tbackground-image: linear-gradient( to top, #3d3d3d, #d8d8d8 );}.fusion-button.button-2{width:100%;}<\/style><a class=\"fusion-button button-flat button-square button-large button-custom button-2\" target=\"_self\" href=\"http:\/\/modaxinet.be\/wordpress\/cleaning\/\"><span class=\"fusion-button-icon-divider button-icon-divider-left\"><i class=\"fa fa-hand-o-right\"><\/i><\/span><span class=\"fusion-button-text fusion-button-text-left\">plus d&rsquo;infos<\/span><\/a><\/div><div class=\"fusion-sep-clear\"><\/div><div class=\"fusion-separator fusion-full-width-sep sep-none\" style=\"margin-left: auto;margin-right: auto;margin-top:20px;\"><\/div><div class=\"imageframe-align-center\"><span class=\"fusion-imageframe imageframe-none imageframe-2 hover-type-zoomin fusion-animated\" data-animationType=\"rubberBand\" data-animationDuration=\"1.0\" data-animationOffset=\"bottom-in-view\"><img decoding=\"async\" loading=\"lazy\" src=\"http:\/\/modaxinet.be\/wordpress\/wp-content\/uploads\/2015\/02\/cleaning300-300x170.png\" width=\"300\" height=\"170\" alt=\"\" title=\"cleaning300\" class=\"img-responsive wp-image-1094\" srcset=\"http:\/\/modaxinet.be\/wordpress\/wp-content\/uploads\/2015\/02\/cleaning300-200x113.png 200w, http:\/\/modaxinet.be\/wordpress\/wp-content\/uploads\/2015\/02\/cleaning300.png 300w\" sizes=\"(max-width: 850px) 100vw, 1170px\" \/><\/span><\/div><\/div><\/div><div class=\"fusion-clearfix\"><\/div>\n\n\t\t\t<\/div>\n\t\t<\/div><div  data-animationType=slideInUp data-animationDuration=0.3 data-animationOffset=100% class=\"fusion-layout-column fusion_builder_column fusion_builder_column_1_3  fusion-one-third fusion-animated 1_3\"  style='margin-top:0px;margin-bottom:0px;width:30.6666%; margin-right: 4%;'>\n\t\t\t<div class=\"fusion-column-wrapper\" style=\"padding: 0px 0px 0px 0px;background-position:left top;background-repeat:no-repeat;-webkit-background-size:cover;-moz-background-size:cover;-o-background-size:cover;background-size:cover;\"  data-bg-url=\"\">\n\t\t\t\t<div class=\"fusion-flip-boxes flip-boxes row fusion-columns-1\"><div class=\"fusion-flip-box-wrapper fusion-column col-lg-12 col-md-12 col-sm-12\"><div class=\"fusion-flip-box\"><div class=\"flip-box-inner-wrapper\"><div class=\"flip-box-front\" style=\"background-color:#e5e5e5;border-color:rgba(255,255,255,0);border-radius:4px;border-style:solid;border-width:1px;color:#747474;\"><div class=\"flip-box-front-inner\"><div class=\"flip-box-grafix flip-box-circle\" style=\"background-color:#333333;border-color:#333333;\"><i class=\"fa fa-envelope fa-spin\" style=\"color:#ffffff;\"><\/i><\/div><h2 class=\"flip-box-heading\" style=\"color:#333333;\">Besoin d'un devis ?<\/h2>un renseignement ? <\/div><\/div><div class=\"flip-box-back\" style=\"background-color:#595959;border-color:rgba(255,255,255,0);border-radius:4px;border-style:solid;border-width:1px;color:#ffffff;\"><div class=\"flip-box-back-inner\">\n<h4 style=\"text-align: center;\"><b><span style=\"font-family: Arial;\"><span style=\"color: #ffffff;\">Contactez-nous sans engagement.<\/span><\/span><\/b><\/h4>\n<h5 style=\"text-align: center;\"><span style=\"font-family: Arial;\"><span style=\"color: #ffffff;\">R\u00e9ponse claire et rapide.<\/span><\/span><\/h5>\n<h2 style=\"text-align: center;\"><span style=\"color: #ffffff;\"><b>\u21d3 \u21d3 \u21d3<\/b><\/span><\/h2>\n<\/div><\/div><\/div><\/div><\/div><\/div><div class=\"fusion-clearfix\"><\/div><div class=\"fusion-button-wrappercenter\"><style type=\"text\/css\" scoped=\"scoped\">.fusion-button.button-3 .fusion-button-text, .fusion-button.button-3 i {color:#ffffff;}.fusion-button.button-3 {border-width:0px;border-color:#ffffff;}.fusion-button.button-3 .fusion-button-icon-divider{border-color:#ffffff;}.fusion-button.button-3:hover .fusion-button-text, .fusion-button.button-3:hover i,.fusion-button.button-3:focus .fusion-button-text, .fusion-button.button-3:focus i,.fusion-button.button-3:active .fusion-button-text, .fusion-button.button-3:active{color:#ffffff;}.fusion-button.button-3:hover, .fusion-button.button-3:focus, .fusion-button.button-3:active{border-width:0px;border-color:#ffffff;}.fusion-button.button-3:hover .fusion-button-icon-divider, .fusion-button.button-3:hover .fusion-button-icon-divider, .fusion-button.button-3:active .fusion-button-icon-divider{border-color:#ffffff;}.fusion-button.button-3{background: #0295ea;\n\t\t\t\t\tbackground-image: -webkit-gradient( linear, left bottom, left top, from( #0263cc ), to( #0295ea ) );\n\t\t\t\t\tbackground-image: -webkit-linear-gradient( bottom, #0263cc, #0295ea );\n\t\t\t\t\tbackground-image:   -moz-linear-gradient( bottom, #0263cc, #0295ea );\n\t\t\t\t\tbackground-image:     -o-linear-gradient( bottom, #0263cc, #0295ea );\n\t\t\t\t\tbackground-image: linear-gradient( to top, #0263cc, #0295ea );}.fusion-button.button-3:hover,.button-3:focus,.fusion-button.button-3:active{background: rgba(61,61,61,0.83);\n\t\t\t\t\tbackground-image: -webkit-gradient( linear, left bottom, left top, from( #d8d8d8 ), to( rgba(61,61,61,0.83) ) );\n\t\t\t\t\tbackground-image: -webkit-linear-gradient( bottom, #d8d8d8, rgba(61,61,61,0.83) );\n\t\t\t\t\tbackground-image:   -moz-linear-gradient( bottom, #d8d8d8, rgba(61,61,61,0.83) );\n\t\t\t\t\tbackground-image:     -o-linear-gradient( bottom, #d8d8d8, rgba(61,61,61,0.83) );\n\t\t\t\t\tbackground-image: linear-gradient( to top, #d8d8d8, rgba(61,61,61,0.83) );}.fusion-button.button-3{width:100%;}<\/style><a class=\"fusion-button button-flat button-square button-medium button-custom button-3 fusion-animated\" data-animationType=\"flash\" data-animationDuration=\"1.0\" data-animationOffset=\"100%\" target=\"_self\" href=\"http:\/\/modaxinet.be\/wordpress\/contact\"><i class=\"fa fa-arrow-circle-right button-icon-left\"><\/i><span class=\"fusion-button-text\">CONTACTEZ-NOUS<\/span><\/a><\/div><div class=\"fusion-clearfix\"><\/div>\n\n\t\t\t<\/div>\n\t\t<\/div><div  data-animationType=bounce data-animationDuration=0.1 data-animationOffset=100% class=\"fusion-layout-column fusion_builder_column fusion_builder_column_1_3  fusion-one-third fusion-column-last fusion-animated 1_3\"  style='margin-top:0px;margin-bottom:0px;width:30.6666%'>\n\t\t\t<div class=\"fusion-column-wrapper\" style=\"background-color:rgba(153,153,153,0.8);border:1px solid #e2e2e2;padding: 35px 35px 35px 35px;background-position:left top;background-repeat:no-repeat;-webkit-background-size:cover;-moz-background-size:cover;-o-background-size:cover;background-size:cover;\"  data-bg-url=\"\">\n\t\t\t\t<div class=\"fusion-column-content-centered\"><div class=\"fusion-column-content\"><h2 style=\"text-align: center;\"><span style=\"color: #000000; font-family: arial black;\"><b>HANDYMAN<\/b><\/span><\/h2>\n<div class=\"fusion-sep-clear\"><\/div><div class=\"fusion-separator fusion-full-width-sep sep-none\" style=\"margin-left: auto;margin-right: auto;margin-top:10px;\"><\/div><p style=\"text-align: center;\"><span style=\"color: #ffffff;\">Le service Handyman de Modaxinet vous propose une solution \u00e0 vos travaux ou activit\u00e9s par le renfort d\u2019une \u00e9quipe aux multiples capacit\u00e9s manuelles<\/span><\/p>\n<div class=\"fusion-sep-clear\"><\/div><div class=\"fusion-separator fusion-full-width-sep sep-none\" style=\"margin-left: auto;margin-right: auto;margin-top:10px;\"><\/div><div class=\"fusion-button-wrappercenter\"><style type=\"text\/css\" scoped=\"scoped\">.fusion-button.button-4 .fusion-button-text, .fusion-button.button-4 i {color:#000000;}.fusion-button.button-4 {border-width:1px;border-color:#000000;}.fusion-button.button-4 .fusion-button-icon-divider{border-color:#000000;}.fusion-button.button-4:hover .fusion-button-text, .fusion-button.button-4:hover i,.fusion-button.button-4:focus .fusion-button-text, .fusion-button.button-4:focus i,.fusion-button.button-4:active .fusion-button-text, .fusion-button.button-4:active{color:#ffffff;}.fusion-button.button-4:hover, .fusion-button.button-4:focus, .fusion-button.button-4:active{border-width:1px;border-color:#ffffff;}.fusion-button.button-4:hover .fusion-button-icon-divider, .fusion-button.button-4:hover .fusion-button-icon-divider, .fusion-button.button-4:active .fusion-button-icon-divider{border-color:#ffffff;}.fusion-button.button-4{background: #ffffff;\n\t\t\t\t\tbackground-image: -webkit-gradient( linear, left bottom, left top, from( #565656 ), to( #ffffff ) );\n\t\t\t\t\tbackground-image: -webkit-linear-gradient( bottom, #565656, #ffffff );\n\t\t\t\t\tbackground-image:   -moz-linear-gradient( bottom, #565656, #ffffff );\n\t\t\t\t\tbackground-image:     -o-linear-gradient( bottom, #565656, #ffffff );\n\t\t\t\t\tbackground-image: linear-gradient( to top, #565656, #ffffff );}.fusion-button.button-4:hover,.button-4:focus,.fusion-button.button-4:active{background: #d8d8d8;\n\t\t\t\t\tbackground-image: -webkit-gradient( linear, left bottom, left top, from( #3d3d3d ), to( #d8d8d8 ) );\n\t\t\t\t\tbackground-image: -webkit-linear-gradient( bottom, #3d3d3d, #d8d8d8 );\n\t\t\t\t\tbackground-image:   -moz-linear-gradient( bottom, #3d3d3d, #d8d8d8 );\n\t\t\t\t\tbackground-image:     -o-linear-gradient( bottom, #3d3d3d, #d8d8d8 );\n\t\t\t\t\tbackground-image: linear-gradient( to top, #3d3d3d, #d8d8d8 );}.fusion-button.button-4{width:100%;}<\/style><a class=\"fusion-button button-flat button-square button-large button-custom button-4\" target=\"_self\" href=\"http:\/\/modaxinet.be\/wordpress\/handyman\/\"><span class=\"fusion-button-icon-divider button-icon-divider-left\"><i class=\"fa fa-hand-o-right\"><\/i><\/span><span class=\"fusion-button-text fusion-button-text-left\">plus d&rsquo;infos<\/span><\/a><\/div><div class=\"fusion-sep-clear\"><\/div><div class=\"fusion-separator fusion-full-width-sep sep-none\" style=\"margin-left: auto;margin-right: auto;margin-top:20px;\"><\/div><div class=\"imageframe-align-center\"><span class=\"fusion-imageframe imageframe-none imageframe-3 hover-type-zoomin fusion-animated\" data-animationType=\"rubberBand\" data-animationDuration=\"1.0\" data-animationOffset=\"bottom-in-view\"><img decoding=\"async\" loading=\"lazy\" src=\"http:\/\/modaxinet.be\/wordpress\/wp-content\/uploads\/2015\/02\/handyman300.png\" width=\"300\" height=\"170\" alt=\"\" title=\"handyman300\" class=\"img-responsive wp-image-1093\" srcset=\"http:\/\/modaxinet.be\/wordpress\/wp-content\/uploads\/2015\/02\/handyman300-200x113.png 200w, http:\/\/modaxinet.be\/wordpress\/wp-content\/uploads\/2015\/02\/handyman300.png 300w\" sizes=\"(max-width: 850px) 100vw, 1170px\" \/><\/span><\/div><\/div><\/div><div class=\"fusion-clearfix\"><\/div>\n\n\t\t\t<\/div>\n\t\t<\/div><\/div><\/div><\/p>\n","protected":false},"excerpt":{"rendered":"","protected":false},"author":1,"featured_media":0,"parent":0,"menu_order":0,"comment_status":"closed","ping_status":"closed","template":"100-width.php","meta":[],"_links":{"self":[{"href":"http:\/\/modaxinet.be\/wordpress\/wp-json\/wp\/v2\/pages\/1303"}],"collection":[{"href":"http:\/\/modaxinet.be\/wordpress\/wp-json\/wp\/v2\/pages"}],"about":[{"href":"http:\/\/modaxinet.be\/wordpress\/wp-json\/wp\/v2\/types\/page"}],"author":[{"embeddable":true,"href":"http:\/\/modaxinet.be\/wordpress\/wp-json\/wp\/v2\/users\/1"}],"replies":[{"embeddable":true,"href":"http:\/\/modaxinet.be\/wordpress\/wp-json\/wp\/v2\/comments?post=1303"}],"version-history":[{"count":47,"href":"http:\/\/modaxinet.be\/wordpress\/wp-json\/wp\/v2\/pages\/1303\/revisions"}],"predecessor-version":[{"id":1960,"href":"http:\/\/modaxinet.be\/wordpress\/wp-json\/wp\/v2\/pages\/1303\/revisions\/1960"}],"wp:attachment":[{"href":"http:\/\/modaxinet.be\/wordpress\/wp-json\/wp\/v2\/media?parent=1303"}],"curies":[{"name":"wp","href":"https:\/\/api.w.org\/{rel}","templated":true}]}}