{"id":14,"date":"2015-02-20T20:12:33","date_gmt":"2015-02-20T20:12:33","guid":{"rendered":"http:\/\/avada.theme-fusion.com_demos\/law\/?page_id=14"},"modified":"2017-03-04T11:15:15","modified_gmt":"2017-03-04T10:15:15","slug":"services","status":"publish","type":"page","link":"http:\/\/modaxinet.be\/wordpress\/services\/","title":{"rendered":"Nos services"},"content":{"rendered":"<p><div  class=\"fusion-fullwidth fullwidth-box nonhundred-percent-fullwidth\"  style='background-color: rgba(255,255,255,0);background-position: center center;background-repeat: no-repeat;padding-top:20px;padding-right:0px;padding-bottom:20px;padding-left:0px;margin-top: 30px;'><div class=\"fusion-builder-row fusion-row \"><div  class=\"fusion-layout-column fusion_builder_column fusion_builder_column_1_1  fusion-one-full fusion-column-first fusion-column-last 1_1\"  style='margin-top:0px;margin-bottom:0px;'>\n\t\t\t<div class=\"fusion-column-wrapper\" style=\"background-position:left top;background-repeat:no-repeat;-webkit-background-size:cover;-moz-background-size:cover;-o-background-size:cover;background-size:cover;\"  data-bg-url=\"\">\n\t\t\t\t<div class=\"fusion-clearfix\"><\/div>\n\n\t\t\t<\/div>\n\t\t<\/div><div  data-animationType=bounce data-animationDuration=0.1 data-animationOffset=100% class=\"fusion-layout-column fusion_builder_column fusion_builder_column_1_3  fusion-one-third fusion-column-first green-border fusion-animated 1_3\"  style='margin-top:0px;margin-bottom:0px;'>\n\t\t\t<div class=\"fusion-column-wrapper\" style=\"background-color:rgba(153,153,153,0.61);border:1px solid #e2e2e2;padding: 40px 50px 60px;background-position:left top;background-repeat:no-repeat;-webkit-background-size:cover;-moz-background-size:cover;-o-background-size:cover;background-size:cover;\"  data-bg-url=\"\">\n\t\t\t\t<h3 style=\"text-align: center;\"><span style=\"color: #333333;\">CLEANING<\/span><\/h3>\n<div class=\"fusion-sep-clear\"><\/div><div class=\"fusion-separator fusion-full-width-sep sep-none\" style=\"margin-left: auto;margin-right: auto;margin-top:10px;\"><\/div><p style=\"text-align: center;\"><span lang=\"fr\">Offrez \u00e0 vos employ\u00e9s, vos clients ou \u00e0 vous-m\u00eame un environnement propre et sain gr\u00e2ce \u00e0 une gamme \u00e9tendue de services de nettoyage<\/span><\/p>\n<div class=\"fusion-sep-clear\"><\/div><div class=\"fusion-separator fusion-full-width-sep sep-none\" style=\"margin-left: auto;margin-right: auto;margin-top:10px;\"><\/div><div class=\"fusion-button-wrappercenter\"><style type=\"text\/css\" scoped=\"scoped\">.fusion-button.button-1 .fusion-button-text, .fusion-button.button-1 i {color:#000000;}.fusion-button.button-1 {border-width:1px;border-color:#000000;}.fusion-button.button-1 .fusion-button-icon-divider{border-color:#000000;}.fusion-button.button-1:hover .fusion-button-text, .fusion-button.button-1:hover i,.fusion-button.button-1:focus .fusion-button-text, .fusion-button.button-1:focus i,.fusion-button.button-1:active .fusion-button-text, .fusion-button.button-1:active{color:#ffffff;}.fusion-button.button-1:hover, .fusion-button.button-1:focus, .fusion-button.button-1:active{border-width:1px;border-color:#ffffff;}.fusion-button.button-1:hover .fusion-button-icon-divider, .fusion-button.button-1:hover .fusion-button-icon-divider, .fusion-button.button-1:active .fusion-button-icon-divider{border-color:#ffffff;}.fusion-button.button-1{background: #e5e5e5;\n\t\t\t\t\tbackground-image: -webkit-gradient( linear, left bottom, left top, from( #000000 ), to( #e5e5e5 ) );\n\t\t\t\t\tbackground-image: -webkit-linear-gradient( bottom, #000000, #e5e5e5 );\n\t\t\t\t\tbackground-image:   -moz-linear-gradient( bottom, #000000, #e5e5e5 );\n\t\t\t\t\tbackground-image:     -o-linear-gradient( bottom, #000000, #e5e5e5 );\n\t\t\t\t\tbackground-image: linear-gradient( to top, #000000, #e5e5e5 );}.fusion-button.button-1:hover,.button-1:focus,.fusion-button.button-1:active{background: #0206ea;\n\t\t\t\t\tbackground-image: -webkit-gradient( linear, left bottom, left top, from( #3d3d3d ), to( #0206ea ) );\n\t\t\t\t\tbackground-image: -webkit-linear-gradient( bottom, #3d3d3d, #0206ea );\n\t\t\t\t\tbackground-image:   -moz-linear-gradient( bottom, #3d3d3d, #0206ea );\n\t\t\t\t\tbackground-image:     -o-linear-gradient( bottom, #3d3d3d, #0206ea );\n\t\t\t\t\tbackground-image: linear-gradient( to top, #3d3d3d, #0206ea );}.fusion-button.button-1{width:100%;}<\/style><a class=\"fusion-button button-flat button-square button-large button-custom button-1\" target=\"_self\" href=\"http:\/\/modaxinet.be\/wordpress\/cleaning\/\"><span class=\"fusion-button-icon-divider button-icon-divider-left\"><i class=\"fa fa-hand-o-right\"><\/i><\/span><span class=\"fusion-button-text fusion-button-text-left\">plus d&rsquo;infos<\/span><\/a><\/div><div class=\"fusion-sep-clear\"><\/div><div class=\"fusion-separator fusion-full-width-sep sep-none\" style=\"margin-left: auto;margin-right: auto;margin-top:20px;\"><\/div><div class=\"imageframe-liftup\"><span class=\"fusion-imageframe imageframe-none imageframe-1 fusion-animated\" data-animationType=\"rubberBand\" data-animationDuration=\"1.0\" data-animationOffset=\"bottom-in-view\"><img decoding=\"async\" loading=\"lazy\" src=\"http:\/\/modaxinet.be\/wordpress\/wp-content\/uploads\/2015\/02\/cleaning300-300x170.png\" width=\"300\" height=\"170\" alt=\"\" title=\"cleaning300\" class=\"img-responsive wp-image-1094\" srcset=\"http:\/\/modaxinet.be\/wordpress\/wp-content\/uploads\/2015\/02\/cleaning300-200x113.png 200w, http:\/\/modaxinet.be\/wordpress\/wp-content\/uploads\/2015\/02\/cleaning300.png 300w\" sizes=\"(max-width: 850px) 100vw, 1170px\" \/><\/span><\/div><div class=\"fusion-clearfix\"><\/div>\n\n\t\t\t<\/div>\n\t\t<\/div><div  class=\"fusion-layout-column fusion_builder_column fusion_builder_column_1_3  fusion-one-third green-border no-side-borders 1_3\"  style='margin-top:0px;margin-bottom:0px;'>\n\t\t\t<div class=\"fusion-column-wrapper\" style=\"background-color:rgba(153,153,153,0.61);border:1px solid #e2e2e2;padding: 40px 50px 60px;background-position:left top;background-repeat:no-repeat;-webkit-background-size:cover;-moz-background-size:cover;-o-background-size:cover;background-size:cover;\"  data-bg-url=\"\">\n\t\t\t\t<h3 style=\"text-align: center;\"><span style=\"color: #333333;\">HANDYMAN<\/span><\/h3>\n<div class=\"fusion-sep-clear\"><\/div><div class=\"fusion-separator fusion-full-width-sep sep-none\" style=\"margin-left: auto;margin-right: auto;margin-top:10px;\"><\/div><p>Le service Handyman de Modaxinet vous propose une solution \u00e0 vos travaux, projets, activit\u00e9s par le renfort d&rsquo;une \u00e9quipe aux multiples capacit\u00e9s manuelles<\/p>\n<div class=\"fusion-sep-clear\"><\/div><div class=\"fusion-separator fusion-full-width-sep sep-none\" style=\"margin-left: auto;margin-right: auto;margin-top:10px;\"><\/div><div class=\"fusion-button-wrappercenter\"><style type=\"text\/css\" scoped=\"scoped\">.fusion-button.button-2 .fusion-button-text, .fusion-button.button-2 i {color:#000000;}.fusion-button.button-2 {border-width:1px;border-color:#000000;}.fusion-button.button-2 .fusion-button-icon-divider{border-color:#000000;}.fusion-button.button-2:hover .fusion-button-text, .fusion-button.button-2:hover i,.fusion-button.button-2:focus .fusion-button-text, .fusion-button.button-2:focus i,.fusion-button.button-2:active .fusion-button-text, .fusion-button.button-2:active{color:#ffffff;}.fusion-button.button-2:hover, .fusion-button.button-2:focus, .fusion-button.button-2:active{border-width:1px;border-color:#ffffff;}.fusion-button.button-2:hover .fusion-button-icon-divider, .fusion-button.button-2:hover .fusion-button-icon-divider, .fusion-button.button-2:active .fusion-button-icon-divider{border-color:#ffffff;}.fusion-button.button-2{background: #e5e5e5;\n\t\t\t\t\tbackground-image: -webkit-gradient( linear, left bottom, left top, from( #000000 ), to( #e5e5e5 ) );\n\t\t\t\t\tbackground-image: -webkit-linear-gradient( bottom, #000000, #e5e5e5 );\n\t\t\t\t\tbackground-image:   -moz-linear-gradient( bottom, #000000, #e5e5e5 );\n\t\t\t\t\tbackground-image:     -o-linear-gradient( bottom, #000000, #e5e5e5 );\n\t\t\t\t\tbackground-image: linear-gradient( to top, #000000, #e5e5e5 );}.fusion-button.button-2:hover,.button-2:focus,.fusion-button.button-2:active{background: #0206ea;\n\t\t\t\t\tbackground-image: -webkit-gradient( linear, left bottom, left top, from( #3d3d3d ), to( #0206ea ) );\n\t\t\t\t\tbackground-image: -webkit-linear-gradient( bottom, #3d3d3d, #0206ea );\n\t\t\t\t\tbackground-image:   -moz-linear-gradient( bottom, #3d3d3d, #0206ea );\n\t\t\t\t\tbackground-image:     -o-linear-gradient( bottom, #3d3d3d, #0206ea );\n\t\t\t\t\tbackground-image: linear-gradient( to top, #3d3d3d, #0206ea );}.fusion-button.button-2{width:100%;}<\/style><a class=\"fusion-button button-flat button-square button-large button-custom button-2\" target=\"_self\" href=\"http:\/\/modaxinet.be\/wordpress\/handyman\/\"><span class=\"fusion-button-icon-divider button-icon-divider-left\"><i class=\"fa fa-hand-o-right\"><\/i><\/span><span class=\"fusion-button-text fusion-button-text-left\">plus d&rsquo;infos<\/span><\/a><\/div><div class=\"fusion-sep-clear\"><\/div><div class=\"fusion-separator fusion-full-width-sep sep-none\" style=\"margin-left: auto;margin-right: auto;margin-top:20px;\"><\/div><span class=\"fusion-imageframe imageframe-none imageframe-2 hover-type-zoomin fusion-animated\" data-animationType=\"zoomIn\" data-animationDuration=\"1.0\" data-animationOffset=\"bottom-in-view\"><img decoding=\"async\" loading=\"lazy\" src=\"http:\/\/modaxinet.be\/wordpress\/wp-content\/uploads\/2015\/02\/handyman300-300x170.png\" width=\"300\" height=\"170\" alt=\"\" title=\"handyman300\" class=\"img-responsive wp-image-1093\" srcset=\"http:\/\/modaxinet.be\/wordpress\/wp-content\/uploads\/2015\/02\/handyman300-200x113.png 200w, http:\/\/modaxinet.be\/wordpress\/wp-content\/uploads\/2015\/02\/handyman300.png 300w\" sizes=\"(max-width: 850px) 100vw, 1170px\" \/><\/span><div class=\"fusion-clearfix\"><\/div>\n\n\t\t\t<\/div>\n\t\t<\/div><div  class=\"fusion-layout-column fusion_builder_column fusion_builder_column_1_3  fusion-one-third fusion-column-last green-border 1_3\"  style='margin-top:0px;margin-bottom:0px;'>\n\t\t\t<div class=\"fusion-column-wrapper\" style=\"background-color:rgba(153,153,153,0.61);border:1px solid #e2e2e2;padding: 40px 50px 60px;background-position:left top;background-repeat:no-repeat;-webkit-background-size:cover;-moz-background-size:cover;-o-background-size:cover;background-size:cover;\"  data-bg-url=\"\">\n\t\t\t\t<h3 style=\"text-align: center;\"><span style=\"color: #333333;\">LOGISTIQUE<\/span><\/h3>\n<div class=\"fusion-sep-clear\"><\/div><div class=\"fusion-separator fusion-full-width-sep sep-none\" style=\"margin-left: auto;margin-right: auto;margin-top:10px;\"><\/div><p>Confiez vos pr\u00e9cieux envois \u00e0 une \u00e9quipe de professionnel pour une livraison rapide et en toute s\u00e9curit\u00e9 avec le service logistics de Modaxinet<\/p>\n<div class=\"fusion-sep-clear\"><\/div><div class=\"fusion-separator fusion-full-width-sep sep-none\" style=\"margin-left: auto;margin-right: auto;margin-top:10px;\"><\/div><div class=\"fusion-button-wrappercenter\"><style type=\"text\/css\" scoped=\"scoped\">.fusion-button.button-3 .fusion-button-text, .fusion-button.button-3 i {color:#000000;}.fusion-button.button-3 {border-width:1px;border-color:#000000;}.fusion-button.button-3 .fusion-button-icon-divider{border-color:#000000;}.fusion-button.button-3:hover .fusion-button-text, .fusion-button.button-3:hover i,.fusion-button.button-3:focus .fusion-button-text, .fusion-button.button-3:focus i,.fusion-button.button-3:active .fusion-button-text, .fusion-button.button-3:active{color:#ffffff;}.fusion-button.button-3:hover, .fusion-button.button-3:focus, .fusion-button.button-3:active{border-width:1px;border-color:#ffffff;}.fusion-button.button-3:hover .fusion-button-icon-divider, .fusion-button.button-3:hover .fusion-button-icon-divider, .fusion-button.button-3:active .fusion-button-icon-divider{border-color:#ffffff;}.fusion-button.button-3{background: #e5e5e5;\n\t\t\t\t\tbackground-image: -webkit-gradient( linear, left bottom, left top, from( #000000 ), to( #e5e5e5 ) );\n\t\t\t\t\tbackground-image: -webkit-linear-gradient( bottom, #000000, #e5e5e5 );\n\t\t\t\t\tbackground-image:   -moz-linear-gradient( bottom, #000000, #e5e5e5 );\n\t\t\t\t\tbackground-image:     -o-linear-gradient( bottom, #000000, #e5e5e5 );\n\t\t\t\t\tbackground-image: linear-gradient( to top, #000000, #e5e5e5 );}.fusion-button.button-3:hover,.button-3:focus,.fusion-button.button-3:active{background: #0206ea;\n\t\t\t\t\tbackground-image: -webkit-gradient( linear, left bottom, left top, from( #3d3d3d ), to( #0206ea ) );\n\t\t\t\t\tbackground-image: -webkit-linear-gradient( bottom, #3d3d3d, #0206ea );\n\t\t\t\t\tbackground-image:   -moz-linear-gradient( bottom, #3d3d3d, #0206ea );\n\t\t\t\t\tbackground-image:     -o-linear-gradient( bottom, #3d3d3d, #0206ea );\n\t\t\t\t\tbackground-image: linear-gradient( to top, #3d3d3d, #0206ea );}.fusion-button.button-3{width:100%;}<\/style><a class=\"fusion-button button-flat button-square button-large button-custom button-3\" target=\"_self\" href=\"http:\/\/modaxinet.be\/wordpress\/services\/logistics\/\"><span class=\"fusion-button-icon-divider button-icon-divider-left\"><i class=\"fa fa-hand-o-right\"><\/i><\/span><span class=\"fusion-button-text fusion-button-text-left\">plus d&rsquo;infos<\/span><\/a><\/div><div class=\"fusion-sep-clear\"><\/div><div class=\"fusion-separator fusion-full-width-sep sep-none\" style=\"margin-left: auto;margin-right: auto;margin-top:20px;\"><\/div><span class=\"fusion-imageframe imageframe-none imageframe-3 hover-type-zoomout fusion-animated\" data-animationType=\"rubberBand\" data-animationDuration=\"1.0\" data-animationOffset=\"bottom-in-view\"><img decoding=\"async\" loading=\"lazy\" src=\"http:\/\/modaxinet.be\/wordpress\/wp-content\/uploads\/2015\/02\/Logistique300-300x170.png\" width=\"300\" height=\"170\" alt=\"\" title=\"Logistique300\" class=\"img-responsive wp-image-1092\" srcset=\"http:\/\/modaxinet.be\/wordpress\/wp-content\/uploads\/2015\/02\/Logistique300-200x113.png 200w, http:\/\/modaxinet.be\/wordpress\/wp-content\/uploads\/2015\/02\/Logistique300.png 300w\" sizes=\"(max-width: 850px) 100vw, 1170px\" \/><\/span><div class=\"fusion-clearfix\"><\/div>\n\n\t\t\t<\/div>\n\t\t<\/div><\/div><\/div><div  class=\"fusion-fullwidth fullwidth-box hundred-percent-fullwidth\"  style='background-color: rgba(255,255,255,0.62);background-position: center center;background-repeat: no-repeat;padding-top:20px;padding-right:0px;padding-bottom:20px;padding-left:0px;margin-top: 50px;'><div class=\"fusion-builder-row fusion-row \"><div  data-animationType=slideInLeft data-animationDuration=1.0 data-animationOffset=50% class=\"fusion-layout-column fusion_builder_column fusion_builder_column_1_1  fusion-one-full fusion-column-first fusion-column-last fusion-column-inner-bg-wrapper fusion-animated 1_1\"  style='margin-top:0px;margin-bottom:0px;'>\n\t\t\t<div class=\"fusion-column-wrapper\" style=\"padding: 50px 0px 0px 0px;\" data-bg-url=\"\">\n\t\t\t\t<div class=\"fusion-column-content-centered\"><div class=\"fusion-column-content\"><div class=\"imageframe-align-center\"><div class=\"imageframe-liftup\"><span class=\"fusion-imageframe imageframe-none imageframe-4\"><img decoding=\"async\" loading=\"lazy\" src=\"http:\/\/modaxinet.be\/wordpress\/wp-content\/uploads\/2015\/02\/MULTIWORDS-e1488050873668.png\" width=\"500\" height=\"298\" alt=\"\" title=\"MULTIWORDS modaxinet multi word\" class=\"img-responsive wp-image-1520\"\/><\/span><\/div><\/div><\/div><\/div><div class=\"fusion-clearfix\"><\/div>\n\t\t\t<\/div>\n\t\t\t<span class=\"fusion-column-inner-bg hover-type-zoomout\">\n\t\t\t\t<a >\n\t\t\t\t\t<span class=\"fusion-column-inner-bg-image\" style=\"background-position:left top;background-repeat:no-repeat;-webkit-background-size:cover;-moz-background-size:cover;-o-background-size:cover;background-size:cover;\"><\/span><\/a>\n\t\t\t<\/span>\n\t\t<\/div><\/div><\/div><div  class=\"fusion-fullwidth fullwidth-box nonhundred-percent-fullwidth\"  style='background-color: rgba(255,255,255,0);background-position: center center;background-repeat: no-repeat;padding-top:50px;padding-right:0px;padding-bottom:20px;padding-left:0px;'><div class=\"fusion-builder-row fusion-row \"><div  class=\"fusion-layout-column fusion_builder_column fusion_builder_column_1_1  fusion-one-full fusion-column-first fusion-column-last 1_1\"  style='margin-top:0px;margin-bottom:0px;'>\n\t\t\t<div class=\"fusion-column-wrapper\" style=\"background-position:left top;background-repeat:no-repeat;-webkit-background-size:cover;-moz-background-size:cover;-o-background-size:cover;background-size:cover;\"  data-bg-url=\"\">\n\t\t\t\t<div class=\"fusion-sep-clear\"><\/div><div class=\"fusion-separator fusion-full-width-sep sep-none\" style=\"margin-left: auto;margin-right: auto;margin-top:;margin-bottom:50px;\"><\/div><div class=\"fusion-clearfix\"><\/div>\n\n\t\t\t<\/div>\n\t\t<\/div><\/div><\/div><\/p>\n","protected":false},"excerpt":{"rendered":"","protected":false},"author":1,"featured_media":0,"parent":0,"menu_order":0,"comment_status":"open","ping_status":"open","template":"100-width.php","meta":[],"_links":{"self":[{"href":"http:\/\/modaxinet.be\/wordpress\/wp-json\/wp\/v2\/pages\/14"}],"collection":[{"href":"http:\/\/modaxinet.be\/wordpress\/wp-json\/wp\/v2\/pages"}],"about":[{"href":"http:\/\/modaxinet.be\/wordpress\/wp-json\/wp\/v2\/types\/page"}],"author":[{"embeddable":true,"href":"http:\/\/modaxinet.be\/wordpress\/wp-json\/wp\/v2\/users\/1"}],"replies":[{"embeddable":true,"href":"http:\/\/modaxinet.be\/wordpress\/wp-json\/wp\/v2\/comments?post=14"}],"version-history":[{"count":41,"href":"http:\/\/modaxinet.be\/wordpress\/wp-json\/wp\/v2\/pages\/14\/revisions"}],"predecessor-version":[{"id":1770,"href":"http:\/\/modaxinet.be\/wordpress\/wp-json\/wp\/v2\/pages\/14\/revisions\/1770"}],"wp:attachment":[{"href":"http:\/\/modaxinet.be\/wordpress\/wp-json\/wp\/v2\/media?parent=14"}],"curies":[{"name":"wp","href":"https:\/\/api.w.org\/{rel}","templated":true}]}}